{"id":18,"date":"2025-05-31T13:11:32","date_gmt":"2025-05-31T16:11:32","guid":{"rendered":"http:\/\/plgengenharia.com.br\/?page_id=18"},"modified":"2025-06-03T21:08:58","modified_gmt":"2025-06-04T00:08:58","slug":"sobre-nos","status":"publish","type":"page","link":"https:\/\/plgengenharia.com.br\/index.php\/sobre-nos\/","title":{"rendered":"Sobre N\u00f3s"},"content":{"rendered":"\t\t<div data-elementor-type=\"wp-page\" data-elementor-id=\"18\" class=\"elementor elementor-18\">\n\t\t\t\t<div class=\"elementor-element elementor-element-74a8074 e-flex e-con-boxed wpr-particle-no wpr-jarallax-no wpr-parallax-no wpr-sticky-section-no e-con e-parent\" data-id=\"74a8074\" data-element_type=\"container\" data-settings=\"{&quot;background_background&quot;:&quot;classic&quot;}\">\n\t\t\t\t\t<div class=\"e-con-inner\">\n\t\t\t\t<div class=\"elementor-element elementor-element-6da0a2b elementor-widget elementor-widget-heading\" data-id=\"6da0a2b\" data-element_type=\"widget\" data-widget_type=\"heading.default\">\n\t\t\t\t<div class=\"elementor-widget-container\">\n\t\t\t\t\t<h2 class=\"elementor-heading-title elementor-size-default\">SOBRE N\u00d3S<\/h2>\t\t\t\t<\/div>\n\t\t\t\t<\/div>\n\t\t\t\t\t<\/div>\n\t\t\t\t<\/div>\n\t\t<div class=\"elementor-element elementor-element-570c231 e-flex e-con-boxed wpr-particle-no wpr-jarallax-no wpr-parallax-no wpr-sticky-section-no e-con e-parent\" data-id=\"570c231\" data-element_type=\"container\" data-settings=\"{&quot;shape_divider_top&quot;:&quot;mountains&quot;}\">\n\t\t\t\t\t<div class=\"e-con-inner\">\n\t\t\t\t<div class=\"elementor-shape elementor-shape-top\" aria-hidden=\"true\" data-negative=\"false\">\n\t\t\t<svg xmlns=\"http:\/\/www.w3.org\/2000\/svg\" viewBox=\"0 0 1000 100\" preserveAspectRatio=\"none\">\n\t<path class=\"elementor-shape-fill\" opacity=\"0.33\" d=\"M473,67.3c-203.9,88.3-263.1-34-320.3,0C66,119.1,0,59.7,0,59.7V0h1000v59.7 c0,0-62.1,26.1-94.9,29.3c-32.8,3.3-62.8-12.3-75.8-22.1C806,49.6,745.3,8.7,694.9,4.7S492.4,59,473,67.3z\"\/>\n\t<path class=\"elementor-shape-fill\" opacity=\"0.66\" d=\"M734,67.3c-45.5,0-77.2-23.2-129.1-39.1c-28.6-8.7-150.3-10.1-254,39.1 s-91.7-34.4-149.2,0C115.7,118.3,0,39.8,0,39.8V0h1000v36.5c0,0-28.2-18.5-92.1-18.5C810.2,18.1,775.7,67.3,734,67.3z\"\/>\n\t<path class=\"elementor-shape-fill\" d=\"M766.1,28.9c-200-57.5-266,65.5-395.1,19.5C242,1.8,242,5.4,184.8,20.6C128,35.8,132.3,44.9,89.9,52.5C28.6,63.7,0,0,0,0 h1000c0,0-9.9,40.9-83.6,48.1S829.6,47,766.1,28.9z\"\/>\n<\/svg>\t\t<\/div>\n\t\t<div class=\"elementor-element elementor-element-9cf83d4 e-con-full e-flex wpr-particle-no wpr-jarallax-no wpr-parallax-no wpr-sticky-section-no e-con e-child\" data-id=\"9cf83d4\" data-element_type=\"container\">\n\t\t\t\t<div class=\"elementor-element elementor-element-7d59d1a elementor-widget elementor-widget-heading\" data-id=\"7d59d1a\" data-element_type=\"widget\" data-widget_type=\"heading.default\">\n\t\t\t\t<div class=\"elementor-widget-container\">\n\t\t\t\t\t<h2 class=\"elementor-heading-title elementor-size-default\">Conhe\u00e7a a PLG Engenharia<\/h2>\t\t\t\t<\/div>\n\t\t\t\t<\/div>\n\t\t\t\t<div class=\"elementor-element elementor-element-d3bb6d7 elementor-widget elementor-widget-heading\" data-id=\"d3bb6d7\" data-element_type=\"widget\" data-widget_type=\"heading.default\">\n\t\t\t\t<div class=\"elementor-widget-container\">\n\t\t\t\t\t<h2 class=\"elementor-heading-title elementor-size-default\">Transforme seus desafios em solu\u00e7\u00f5es inteligentes<\/h2>\t\t\t\t<\/div>\n\t\t\t\t<\/div>\n\t\t\t\t<div class=\"elementor-element elementor-element-5e03dc5 elementor-widget elementor-widget-text-editor\" data-id=\"5e03dc5\" data-element_type=\"widget\" data-widget_type=\"text-editor.default\">\n\t\t\t\t<div class=\"elementor-widget-container\">\n\t\t\t\t\t\t\t\t\t<p data-pm-slice=\"1 1 []\">A <strong>PLG Engenharia, Consultoria e Treinamentos LTDA<\/strong> \u00e9 uma empresa em r\u00e1pido crescimento no mercado de S\u00e3o Lu\u00eds.<\/p><p data-pm-slice=\"1 1 []\"><strong>Especializada na presta\u00e7\u00e3o de servi\u00e7os <\/strong>de engenharia el\u00e9trica, sistemas fotovoltaicos, SPDA, automa\u00e7\u00e3o e infraestrutura de redes.<\/p><p data-pm-slice=\"1 1 []\">Com um atendimento diferenciado, \u00e1gil e <strong>comprometido com a excel\u00eancia<\/strong>., temos <strong>conquistado a confian\u00e7a<\/strong> de um n\u00famero crescente de clientes.<\/p><p>Oferecemos um portf\u00f3lio completo de servi\u00e7os que inclui projetos, inspe\u00e7\u00f5es, execu\u00e7\u00e3o de obras, laudos, consultoria e treinamentos. Atuamos com foco em micro e pequenas empresas, ind\u00fastrias, condom\u00ednios e organiza\u00e7\u00f5es que buscam <strong>solu\u00e7\u00f5es seguras, modernas e em conformidade com as normas t\u00e9cnicas<\/strong>.<\/p><p>Nosso diferencial est\u00e1 na forma como atendemos: com escuta ativa, orienta\u00e7\u00e3o t\u00e9cnica clara e entrega de solu\u00e7\u00f5es sob medida para cada necessidade. Com <strong>uma equipe altamente qualificada<\/strong> e em constante atualiza\u00e7\u00e3o, oferecemos tecnologia, responsabilidade e comprometimento com os resultados do cliente.<\/p>\t\t\t\t\t\t\t\t<\/div>\n\t\t\t\t<\/div>\n\t\t\t\t<\/div>\n\t\t<div class=\"elementor-element elementor-element-a9ed943 e-con-full e-flex wpr-particle-no wpr-jarallax-no wpr-parallax-no wpr-sticky-section-no e-con e-child\" data-id=\"a9ed943\" data-element_type=\"container\">\n\t\t\t\t<div class=\"elementor-element elementor-element-97d564c elementor-widget elementor-widget-image\" data-id=\"97d564c\" data-element_type=\"widget\" data-widget_type=\"image.default\">\n\t\t\t\t<div class=\"elementor-widget-container\">\n\t\t\t\t\t\t\t\t\t\t\t\t\t\t\t<img fetchpriority=\"high\" decoding=\"async\" width=\"800\" height=\"1024\" src=\"https:\/\/plgengenharia.com.br\/wp-content\/uploads\/2025\/06\/Story-instagram-de-marketing-digital-corporativo-preto-800x1024.jpg\" class=\"attachment-large size-large wp-image-264\" alt=\"\" srcset=\"https:\/\/plgengenharia.com.br\/wp-content\/uploads\/2025\/06\/Story-instagram-de-marketing-digital-corporativo-preto-800x1024.jpg 800w, https:\/\/plgengenharia.com.br\/wp-content\/uploads\/2025\/06\/Story-instagram-de-marketing-digital-corporativo-preto-234x300.jpg 234w, https:\/\/plgengenharia.com.br\/wp-content\/uploads\/2025\/06\/Story-instagram-de-marketing-digital-corporativo-preto-768x983.jpg 768w, https:\/\/plgengenharia.com.br\/wp-content\/uploads\/2025\/06\/Story-instagram-de-marketing-digital-corporativo-preto.jpg 1080w\" sizes=\"(max-width: 800px) 100vw, 800px\" \/>\t\t\t\t\t\t\t\t\t\t\t\t\t\t\t<\/div>\n\t\t\t\t<\/div>\n\t\t\t\t<\/div>\n\t\t\t\t\t<\/div>\n\t\t\t\t<\/div>\n\t\t<div class=\"elementor-element elementor-element-891cb77 e-flex e-con-boxed wpr-particle-no wpr-jarallax-no wpr-parallax-no wpr-sticky-section-no e-con e-parent\" data-id=\"891cb77\" data-element_type=\"container\" data-settings=\"{&quot;background_background&quot;:&quot;classic&quot;}\">\n\t\t\t\t\t<div class=\"e-con-inner\">\n\t\t\t\t<div class=\"elementor-element elementor-element-30f83e8 elementor-widget elementor-widget-heading\" data-id=\"30f83e8\" data-element_type=\"widget\" data-widget_type=\"heading.default\">\n\t\t\t\t<div class=\"elementor-widget-container\">\n\t\t\t\t\t<h2 class=\"elementor-heading-title elementor-size-default\">CONHE\u00c7A NOSSA EQUIPE<\/h2>\t\t\t\t<\/div>\n\t\t\t\t<\/div>\n\t\t\t\t<div class=\"elementor-element elementor-element-647929b elementor-widget elementor-widget-heading\" data-id=\"647929b\" data-element_type=\"widget\" data-widget_type=\"heading.default\">\n\t\t\t\t<div class=\"elementor-widget-container\">\n\t\t\t\t\t<h2 class=\"elementor-heading-title elementor-size-default\">Compromisso com excel\u00eancia em tudo que fazemos<\/h2>\t\t\t\t<\/div>\n\t\t\t\t<\/div>\n\t\t<div class=\"elementor-element elementor-element-84cf11a e-grid e-con-full wpr-particle-no wpr-jarallax-no wpr-parallax-no wpr-sticky-section-no e-con e-child\" data-id=\"84cf11a\" data-element_type=\"container\" data-settings=\"{&quot;background_background&quot;:&quot;classic&quot;}\">\n\t\t\t\t<div class=\"elementor-element elementor-element-c23ba24 elementor-position-top elementor-widget elementor-widget-image-box\" data-id=\"c23ba24\" data-element_type=\"widget\" data-widget_type=\"image-box.default\">\n\t\t\t\t<div class=\"elementor-widget-container\">\n\t\t\t\t\t<div class=\"elementor-image-box-wrapper\"><figure class=\"elementor-image-box-img\"><img decoding=\"async\" src=\"https:\/\/plgengenharia.com.br\/wp-content\/uploads\/2025\/06\/WhatsApp-Image-2025-06-03-at-20.28.39.jpeg\" title=\"WhatsApp Image 2025-06-03 at 20.28.39\" alt=\"WhatsApp Image 2025-06-03 at 20.28.39\" loading=\"lazy\" \/><\/figure><div class=\"elementor-image-box-content\"><h3 class=\"elementor-image-box-title\">Leonardo Gonsioroski<\/h3><p class=\"elementor-image-box-description\">Engenheiro S\u00eanior - Respons\u00e1vel pelos estudos preliminares e pela concep\u00e7\u00e3o t\u00e9cnica dos projetos, atuando na defini\u00e7\u00e3o das solu\u00e7\u00f5es mais adequadas \u00e0s necessidades de cada cliente. Consultor t\u00e9cnico e de neg\u00f3cios, com foco em micro e pequenas empresas, oferecendo suporte estrat\u00e9gico e orienta\u00e7\u00e3o especializada.<\/p><\/div><\/div>\t\t\t\t<\/div>\n\t\t\t\t<\/div>\n\t\t\t\t<div class=\"elementor-element elementor-element-353a7fc elementor-position-top elementor-widget elementor-widget-image-box\" data-id=\"353a7fc\" data-element_type=\"widget\" data-widget_type=\"image-box.default\">\n\t\t\t\t<div class=\"elementor-widget-container\">\n\t\t\t\t\t<div class=\"elementor-image-box-wrapper\"><figure class=\"elementor-image-box-img\"><img decoding=\"async\" src=\"https:\/\/plgengenharia.com.br\/wp-content\/uploads\/2025\/06\/WhatsApp-Image-2025-06-03-at-20.31.47.jpeg\" title=\"WhatsApp Image 2025-06-03 at 20.31.47\" alt=\"WhatsApp Image 2025-06-03 at 20.31.47\" loading=\"lazy\" \/><\/figure><div class=\"elementor-image-box-content\"><h3 class=\"elementor-image-box-title\">Amanda Santos<\/h3><p class=\"elementor-image-box-description\">Engenheira Pleno - Respons\u00e1vel pela gest\u00e3o estrat\u00e9gica e operacional da empresa, garantindo o bom funcionamento dos processos internos, o controle financeiro e a excel\u00eancia no atendimento ao cliente. Atua na coordena\u00e7\u00e3o administrativa, relacionamento com parceiros e apoio \u00e0 tomada de decis\u00f5es.<\/p><\/div><\/div>\t\t\t\t<\/div>\n\t\t\t\t<\/div>\n\t\t\t\t<div class=\"elementor-element elementor-element-a6f8aa0 elementor-position-top elementor-widget elementor-widget-image-box\" data-id=\"a6f8aa0\" data-element_type=\"widget\" data-widget_type=\"image-box.default\">\n\t\t\t\t<div class=\"elementor-widget-container\">\n\t\t\t\t\t<div class=\"elementor-image-box-wrapper\"><figure class=\"elementor-image-box-img\"><img decoding=\"async\" src=\"https:\/\/plgengenharia.com.br\/wp-content\/uploads\/2025\/06\/ChatGPT-Image-3-de-jun.-de-2025-20_50_46.png\" title=\"ChatGPT Image 3 de jun. de 2025, 20_50_46\" alt=\"ChatGPT Image 3 de jun. de 2025, 20_50_46\" loading=\"lazy\" \/><\/figure><div class=\"elementor-image-box-content\"><h3 class=\"elementor-image-box-title\">Equipe de Campo<\/h3><p class=\"elementor-image-box-description\">Nossa equipe t\u00e9cnica \u00e9 formada por engenheiros, t\u00e9cnicos e especialistas comprometidos com a excel\u00eancia em cada etapa dos servi\u00e7os prestados. Cada membro da nossa equipe \u00e9 treinado para entregar mais do que solu\u00e7\u00f5es t\u00e9cnicas. Entregamos confian\u00e7a, agilidade e parceria com o cliente.<\/p><\/div><\/div>\t\t\t\t<\/div>\n\t\t\t\t<\/div>\n\t\t\t\t<\/div>\n\t\t\t\t<div class=\"elementor-element elementor-element-a861f61 elementor-align-center elementor-widget elementor-widget-button\" data-id=\"a861f61\" data-element_type=\"widget\" data-widget_type=\"button.default\">\n\t\t\t\t<div class=\"elementor-widget-container\">\n\t\t\t\t\t\t\t\t\t<div class=\"elementor-button-wrapper\">\n\t\t\t\t\t<a class=\"elementor-button elementor-button-link elementor-size-sm elementor-animation-shrink\" href=\"https:\/\/wa.me\/5598970007171\">\n\t\t\t\t\t\t<span class=\"elementor-button-content-wrapper\">\n\t\t\t\t\t\t<span class=\"elementor-button-icon\">\n\t\t\t\t<svg aria-hidden=\"true\" class=\"e-font-icon-svg e-fab-whatsapp\" viewBox=\"0 0 448 512\" xmlns=\"http:\/\/www.w3.org\/2000\/svg\"><path d=\"M380.9 97.1C339 55.1 283.2 32 223.9 32c-122.4 0-222 99.6-222 222 0 39.1 10.2 77.3 29.6 111L0 480l117.7-30.9c32.4 17.7 68.9 27 106.1 27h.1c122.3 0 224.1-99.6 224.1-222 0-59.3-25.2-115-67.1-157zm-157 341.6c-33.2 0-65.7-8.9-94-25.7l-6.7-4-69.8 18.3L72 359.2l-4.4-7c-18.5-29.4-28.2-63.3-28.2-98.2 0-101.7 82.8-184.5 184.6-184.5 49.3 0 95.6 19.2 130.4 54.1 34.8 34.9 56.2 81.2 56.1 130.5 0 101.8-84.9 184.6-186.6 184.6zm101.2-138.2c-5.5-2.8-32.8-16.2-37.9-18-5.1-1.9-8.8-2.8-12.5 2.8-3.7 5.6-14.3 18-17.6 21.8-3.2 3.7-6.5 4.2-12 1.4-32.6-16.3-54-29.1-75.5-66-5.7-9.8 5.7-9.1 16.3-30.3 1.8-3.7.9-6.9-.5-9.7-1.4-2.8-12.5-30.1-17.1-41.2-4.5-10.8-9.1-9.3-12.5-9.5-3.2-.2-6.9-.2-10.6-.2-3.7 0-9.7 1.4-14.8 6.9-5.1 5.6-19.4 19-19.4 46.3 0 27.3 19.9 53.7 22.6 57.4 2.8 3.7 39.1 59.7 94.8 83.8 35.2 15.2 49 16.5 66.6 13.9 10.7-1.6 32.8-13.4 37.4-26.4 4.6-13 4.6-24.1 3.2-26.4-1.3-2.5-5-3.9-10.5-6.6z\"><\/path><\/svg>\t\t\t<\/span>\n\t\t\t\t\t\t\t\t\t<span class=\"elementor-button-text\">Pedir Or\u00e7amento<\/span>\n\t\t\t\t\t<\/span>\n\t\t\t\t\t<\/a>\n\t\t\t\t<\/div>\n\t\t\t\t\t\t\t\t<\/div>\n\t\t\t\t<\/div>\n\t\t\t\t\t<\/div>\n\t\t\t\t<\/div>\n\t\t\t\t<\/div>\n\t\t","protected":false},"excerpt":{"rendered":"<p>SOBRE N\u00d3S Conhe\u00e7a a PLG Engenharia Transforme seus desafios em solu\u00e7\u00f5es inteligentes A PLG Engenharia, Consultoria e Treinamentos LTDA \u00e9 uma empresa em r\u00e1pido crescimento no mercado de S\u00e3o Lu\u00eds. Especializada na presta\u00e7\u00e3o de servi\u00e7os de engenharia el\u00e9trica, sistemas fotovoltaicos, SPDA, automa\u00e7\u00e3o e infraestrutura de redes. Com um atendimento diferenciado, \u00e1gil e comprometido com a excel\u00eancia., temos conquistado a confian\u00e7a de um n\u00famero crescente de clientes. Oferecemos um portf\u00f3lio completo de servi\u00e7os que inclui projetos, inspe\u00e7\u00f5es, execu\u00e7\u00e3o de obras, laudos, consultoria e treinamentos. Atuamos com foco em micro e pequenas empresas, ind\u00fastrias, condom\u00ednios e organiza\u00e7\u00f5es que buscam solu\u00e7\u00f5es seguras, modernas e em conformidade com as normas t\u00e9cnicas. Nosso diferencial est\u00e1 na forma como atendemos: com escuta ativa, orienta\u00e7\u00e3o t\u00e9cnica clara e entrega de solu\u00e7\u00f5es sob medida para cada necessidade. Com uma equipe altamente qualificada e em constante atualiza\u00e7\u00e3o, oferecemos tecnologia, responsabilidade e comprometimento com os resultados do cliente. CONHE\u00c7A NOSSA EQUIPE Compromisso com excel\u00eancia em tudo que fazemos Leonardo Gonsioroski Engenheiro S\u00eanior &#8211; Respons\u00e1vel pelos estudos preliminares e pela concep\u00e7\u00e3o t\u00e9cnica dos projetos, atuando na defini\u00e7\u00e3o das solu\u00e7\u00f5es mais adequadas \u00e0s necessidades de cada cliente. Consultor t\u00e9cnico e de neg\u00f3cios, com foco em micro e pequenas empresas, oferecendo suporte estrat\u00e9gico e orienta\u00e7\u00e3o especializada. Amanda Santos Engenheira Pleno &#8211; Respons\u00e1vel pela gest\u00e3o estrat\u00e9gica e operacional da empresa, garantindo o bom funcionamento dos processos internos, o controle financeiro e a excel\u00eancia no atendimento ao cliente. Atua na coordena\u00e7\u00e3o administrativa, relacionamento com parceiros e apoio \u00e0 tomada de decis\u00f5es. Equipe de Campo Nossa equipe t\u00e9cnica \u00e9 formada por engenheiros, t\u00e9cnicos e especialistas comprometidos com a excel\u00eancia em cada etapa dos servi\u00e7os prestados. Cada membro da nossa equipe \u00e9 treinado para entregar mais do que solu\u00e7\u00f5es t\u00e9cnicas. Entregamos confian\u00e7a, agilidade e parceria com o cliente. Pedir Or\u00e7amento<\/p>\n","protected":false},"author":1,"featured_media":0,"parent":0,"menu_order":0,"comment_status":"closed","ping_status":"closed","template":"elementor_header_footer","meta":{"footnotes":""},"class_list":["post-18","page","type-page","status-publish","hentry"],"_links":{"self":[{"href":"https:\/\/plgengenharia.com.br\/index.php\/wp-json\/wp\/v2\/pages\/18","targetHints":{"allow":["GET"]}}],"collection":[{"href":"https:\/\/plgengenharia.com.br\/index.php\/wp-json\/wp\/v2\/pages"}],"about":[{"href":"https:\/\/plgengenharia.com.br\/index.php\/wp-json\/wp\/v2\/types\/page"}],"author":[{"embeddable":true,"href":"https:\/\/plgengenharia.com.br\/index.php\/wp-json\/wp\/v2\/users\/1"}],"replies":[{"embeddable":true,"href":"https:\/\/plgengenharia.com.br\/index.php\/wp-json\/wp\/v2\/comments?post=18"}],"version-history":[{"count":55,"href":"https:\/\/plgengenharia.com.br\/index.php\/wp-json\/wp\/v2\/pages\/18\/revisions"}],"predecessor-version":[{"id":390,"href":"https:\/\/plgengenharia.com.br\/index.php\/wp-json\/wp\/v2\/pages\/18\/revisions\/390"}],"wp:attachment":[{"href":"https:\/\/plgengenharia.com.br\/index.php\/wp-json\/wp\/v2\/media?parent=18"}],"curies":[{"name":"wp","href":"https:\/\/api.w.org\/{rel}","templated":true}]}}